{"id":8902,"date":"2024-08-15T19:59:02","date_gmt":"2024-08-15T19:59:02","guid":{"rendered":"https:\/\/augusaslan.com\/?page_id=8902"},"modified":"2025-05-11T16:05:19","modified_gmt":"2025-05-11T13:05:19","slug":"about-us","status":"publish","type":"page","link":"https:\/\/augusaslan.com\/tr\/about-us\/","title":{"rendered":"Hakk\u0131m\u0131zda"},"content":{"rendered":"<div data-elementor-type=\"wp-page\" data-elementor-id=\"8902\" class=\"elementor elementor-8902\">\n\t\t\t\t<div class=\"wd-negative-gap elementor-element elementor-element-feca9cb wd-section-stretch-content e-flex e-con-boxed e-con e-parent\" data-id=\"feca9cb\" data-element_type=\"container\" data-e-type=\"container\" data-settings=\"{&quot;background_background&quot;:&quot;classic&quot;}\">\n\t\t\t\t\t<div class=\"e-con-inner\">\n\t\t\t\t\t<\/div>\n\t\t\t\t<\/div>\n\t\t<div class=\"elementor-element elementor-element-65490fc e-con-full wd-section-stretch-content e-flex e-con e-parent\" data-id=\"65490fc\" data-element_type=\"container\" data-e-type=\"container\" data-settings=\"{&quot;background_background&quot;:&quot;classic&quot;}\">\n\t\t<div class=\"elementor-element elementor-element-858a9d0 e-con-full e-flex e-con e-child\" data-id=\"858a9d0\" data-element_type=\"container\" data-e-type=\"container\" data-settings=\"{&quot;background_background&quot;:&quot;classic&quot;}\">\n\t\t\t\t<div class=\"elementor-element elementor-element-a151d48 elementor-hidden-mobile elementor-widget elementor-widget-wd_image_or_svg\" data-id=\"a151d48\" data-element_type=\"widget\" data-e-type=\"widget\" data-widget_type=\"wd_image_or_svg.default\">\n\t\t\t\t<div class=\"elementor-widget-container\">\n\t\t\t\t\t\n\t\t<div class=\"wd-image text-left\">\n\t\t\t\t\t\t\t\t<img fetchpriority=\"high\" decoding=\"async\" width=\"660\" height=\"1000\" src=\"https:\/\/augusaslan.com\/wp-content\/uploads\/2025\/02\/augus-aslan-about-us.png\" class=\"attachment-full size-full\" alt=\"\" srcset=\"https:\/\/augusaslan.com\/wp-content\/uploads\/2025\/02\/augus-aslan-about-us.png 660w, https:\/\/augusaslan.com\/wp-content\/uploads\/2025\/02\/augus-aslan-about-us-150x227.png 150w, https:\/\/augusaslan.com\/wp-content\/uploads\/2025\/02\/augus-aslan-about-us-198x300.png 198w\" sizes=\"(max-width: 660px) 100vw, 660px\" \/>\t\t\t\t\t<\/div>\n\n\t\t\t\t\t\t<\/div>\n\t\t\t\t<\/div>\n\t\t\t\t<div class=\"elementor-element elementor-element-d8277f0 elementor-hidden-desktop elementor-hidden-tablet elementor-widget elementor-widget-wd_image_or_svg\" data-id=\"d8277f0\" data-element_type=\"widget\" data-e-type=\"widget\" data-widget_type=\"wd_image_or_svg.default\">\n\t\t\t\t<div class=\"elementor-widget-container\">\n\t\t\t\t\t\n\t\t<div class=\"wd-image text-left\">\n\t\t\t\t\t\t\t\t<img fetchpriority=\"high\" decoding=\"async\" width=\"660\" height=\"1000\" src=\"https:\/\/augusaslan.com\/wp-content\/uploads\/2025\/02\/augus-aslan-about-us.png\" class=\"attachment-full size-full\" alt=\"\" srcset=\"https:\/\/augusaslan.com\/wp-content\/uploads\/2025\/02\/augus-aslan-about-us.png 660w, https:\/\/augusaslan.com\/wp-content\/uploads\/2025\/02\/augus-aslan-about-us-150x227.png 150w, https:\/\/augusaslan.com\/wp-content\/uploads\/2025\/02\/augus-aslan-about-us-198x300.png 198w\" sizes=\"(max-width: 660px) 100vw, 660px\" \/>\t\t\t\t\t<\/div>\n\n\t\t\t\t\t\t<\/div>\n\t\t\t\t<\/div>\n\t\t\t\t<\/div>\n\t\t<div class=\"elementor-element elementor-element-fcea163 e-con-full e-flex e-con e-child\" data-id=\"fcea163\" data-element_type=\"container\" data-e-type=\"container\">\n\t\t\t\t<div class=\"elementor-element elementor-element-2eccd8e wd-width-100 elementor-widget elementor-widget-wd_title\" data-id=\"2eccd8e\" data-element_type=\"widget\" data-e-type=\"widget\" data-widget_type=\"wd_title.default\">\n\t\t\t\t<div class=\"elementor-widget-container\">\n\t\t\t\t\t\t\t<div class=\"title-wrapper wd-set-mb reset-last-child wd-title-color-default wd-title-style-default wd-title-size-default text-left\">\n\n\t\t\t\n\t\t\t<div class=\"liner-continer\">\n\t\t\t\t<h4 class=\"woodmart-title-container title wd-fontsize-l\">Brand Story<\/h4> \n\t\t\t\t\t\t\t<\/div>\n\n\t\t\t\t\t<\/div>\n\t\t\t\t\t\t<\/div>\n\t\t\t\t<\/div>\n\t\t\t\t<div class=\"elementor-element elementor-element-6b0e64b wd-width-100 elementor-widget elementor-widget-wd_title\" data-id=\"6b0e64b\" data-element_type=\"widget\" data-e-type=\"widget\" data-widget_type=\"wd_title.default\">\n\t\t\t\t<div class=\"elementor-widget-container\">\n\t\t\t\t\t\t\t<div class=\"title-wrapper wd-set-mb reset-last-child wd-title-color-default wd-title-style-default wd-title-size-default text-left\">\n\n\t\t\t\t\t\t\t\t\t\t\t<div class=\"title-subtitle subtitle-color-default subtitle-style-default wd-fontsize-xs\">\n\t\t\t\t\tAugus Aslan: A Heritage in Style\t\t\t\t<\/div>\n\t\t\t\n\t\t\t<div class=\"liner-continer\">\n\t\t\t\t<h4 class=\"woodmart-title-container title wd-fontsize-l\"><\/h4> \n\t\t\t\t\t\t\t<\/div>\n\n\t\t\t\t\t<\/div>\n\t\t\t\t\t\t<\/div>\n\t\t\t\t<\/div>\n\t\t\t\t<div class=\"elementor-element elementor-element-1c10125 elementor-widget elementor-widget-wd_text_block\" data-id=\"1c10125\" data-element_type=\"widget\" data-e-type=\"widget\" data-widget_type=\"wd_text_block.default\">\n\t\t\t\t<div class=\"elementor-widget-container\">\n\t\t\t\t\t\t\t<div class=\"wd-text-block reset-last-child text-left\">\n\t\t\t\n\t\t\t<div>In the heart of Istanbul, Augus Aslan stands as more than a brand\u2014it's a living legacy woven into the fabric of time. Augus, a name echoing modernity and sophistication, seamlessly combines with Aslan, an emblem of our family's deep-rooted commitment to craftsmanship and style.<\/div><div>\u00a0<\/div><div>As you explore the meticulously crafted stitches and finishing of Augus Aslan garments, you feel the echo of generations past\u2014a tribute to the old traditions that define our familial legacy. These elements transcend mere details; they are a tangible connection to the time- honored techniques that have withstood the test of time.<\/div><div>\u00a0<\/div><div>Yet, Augus Aslan is not bound by the constraints of tradition alone. Our commitment to innovation shines through in the modern, up-todate design of our garments. Augus Aslan serves as a bridge between the old and the new, where tradition resides in the very essence of our stitches, while the design represents the new brain\u2014a contemporary, forward-thinking approach that defines our unique style.<\/div><div>\u00a0<\/div><div>This is a world where every Augus Aslan garment is a harmonious blend of heritage and modernity. Step into our realm and embrace a style that not only honors the past in every stitch but also sets the tone for the future in every design. Augus Aslan invites you to experience a sartorial journey where the threads of legacy are intricately woven into the canvas of modern fashion.<\/div><div>\u00a0<\/div>\n\t\t\t\t\t<\/div>\n\t\t\t\t\t\t<\/div>\n\t\t\t\t<\/div>\n\t\t\t\t<div class=\"elementor-element elementor-element-48120fd elementor-hidden-desktop elementor-hidden-tablet elementor-widget elementor-widget-wd_image_or_svg\" data-id=\"48120fd\" data-element_type=\"widget\" data-e-type=\"widget\" data-widget_type=\"wd_image_or_svg.default\">\n\t\t\t\t<div class=\"elementor-widget-container\">\n\t\t\t\t\t\n\t\t<div class=\"wd-image text-left\">\n\t\t\t\t\t\t\t\t<img decoding=\"async\" width=\"2000\" height=\"1960\" src=\"https:\/\/augusaslan.com\/wp-content\/uploads\/2024\/08\/hakkimizda-mobil.png\" class=\"attachment-full size-full\" alt=\"\" srcset=\"https:\/\/augusaslan.com\/wp-content\/uploads\/2024\/08\/hakkimizda-mobil.png 2000w, https:\/\/augusaslan.com\/wp-content\/uploads\/2024\/08\/hakkimizda-mobil-150x147.png 150w, https:\/\/augusaslan.com\/wp-content\/uploads\/2024\/08\/hakkimizda-mobil-300x294.png 300w, https:\/\/augusaslan.com\/wp-content\/uploads\/2024\/08\/hakkimizda-mobil-1024x1004.png 1024w, https:\/\/augusaslan.com\/wp-content\/uploads\/2024\/08\/hakkimizda-mobil-768x753.png 768w, https:\/\/augusaslan.com\/wp-content\/uploads\/2024\/08\/hakkimizda-mobil-1536x1505.png 1536w, https:\/\/augusaslan.com\/wp-content\/uploads\/2024\/08\/hakkimizda-mobil-600x588.png 600w\" sizes=\"(max-width: 2000px) 100vw, 2000px\" \/>\t\t\t\t\t<\/div>\n\n\t\t\t\t\t\t<\/div>\n\t\t\t\t<\/div>\n\t\t\t\t<\/div>\n\t\t<div class=\"elementor-element elementor-element-ec078b2 e-con-full e-flex e-con e-child\" data-id=\"ec078b2\" data-element_type=\"container\" data-e-type=\"container\">\n\t\t\t\t<div class=\"elementor-element elementor-element-48a00ba wd-width-100 elementor-widget elementor-widget-wd_title\" data-id=\"48a00ba\" data-element_type=\"widget\" data-e-type=\"widget\" data-widget_type=\"wd_title.default\">\n\t\t\t\t<div class=\"elementor-widget-container\">\n\t\t\t\t\t\t\t<div class=\"title-wrapper wd-set-mb reset-last-child wd-title-color-default wd-title-style-default wd-title-size-default text-left\">\n\n\t\t\t\n\t\t\t<div class=\"liner-continer\">\n\t\t\t\t<h4 class=\"woodmart-title-container title wd-fontsize-l\">Creative Director<\/h4> \n\t\t\t\t\t\t\t<\/div>\n\n\t\t\t\t\t<\/div>\n\t\t\t\t\t\t<\/div>\n\t\t\t\t<\/div>\n\t\t\t\t<div class=\"elementor-element elementor-element-b4e5160 wd-width-100 elementor-widget elementor-widget-wd_title\" data-id=\"b4e5160\" data-element_type=\"widget\" data-e-type=\"widget\" data-widget_type=\"wd_title.default\">\n\t\t\t\t<div class=\"elementor-widget-container\">\n\t\t\t\t\t\t\t<div class=\"title-wrapper wd-set-mb reset-last-child wd-title-color-default wd-title-style-default wd-title-size-default text-left\">\n\n\t\t\t\t\t\t\t\t\t\t\t<div class=\"title-subtitle subtitle-color-default subtitle-style-default wd-fontsize-xs\">\n\t\t\t\t\tAhmet O\u011fuz Aslan\t\t\t\t<\/div>\n\t\t\t\n\t\t\t<div class=\"liner-continer\">\n\t\t\t\t<h4 class=\"woodmart-title-container title wd-fontsize-l\"><\/h4> \n\t\t\t\t\t\t\t<\/div>\n\n\t\t\t\t\t<\/div>\n\t\t\t\t\t\t<\/div>\n\t\t\t\t<\/div>\n\t\t\t\t<div class=\"elementor-element elementor-element-f5ee39a elementor-widget elementor-widget-wd_text_block\" data-id=\"f5ee39a\" data-element_type=\"widget\" data-e-type=\"widget\" data-widget_type=\"wd_text_block.default\">\n\t\t\t\t<div class=\"elementor-widget-container\">\n\t\t\t\t\t\t\t<div class=\"wd-text-block reset-last-child text-left\">\n\t\t\t\n\t\t\t<p>I'm Oguz, a passionate fashion designer dedicated to creating unique and captivating fashion experiences. My journey began at Bahcesehir University, where I studied Visual Communication Design, followed by a fashion design diploma program at Lasalle College in Istanbul.<\/p><p>Fashion is in my blood, inspired by my grandfather, an esteemed tailor. His dedication and craftsmanship shaped my commitment to detail and quality, making fashion design my calling.<\/p><p>I cherish fashion history, collecting vintage sewing patterns, buttons, and other treasures that connect us to fashion's rich past. This passion infuses my work with timelessness and authenticity. I am currently building a library of vintage patterns and fashion books.<\/p><p>Living in the city, I draw inspiration from its vibrant energy, cultural diversity, and rich history. These elements blend tradition with modernity in my designs, creating a unique and dynamic style.<\/p>\n\t\t\t\t\t<\/div>\n\t\t\t\t\t\t<\/div>\n\t\t\t\t<\/div>\n\t\t\t\t<\/div>\n\t\t<div class=\"elementor-element elementor-element-f30efbc e-con-full e-flex e-con e-child\" data-id=\"f30efbc\" data-element_type=\"container\" data-e-type=\"container\" data-settings=\"{&quot;background_background&quot;:&quot;classic&quot;}\">\n\t\t\t\t<div class=\"elementor-element elementor-element-c890b4e elementor-hidden-mobile elementor-widget elementor-widget-wd_image_or_svg\" data-id=\"c890b4e\" data-element_type=\"widget\" data-e-type=\"widget\" data-widget_type=\"wd_image_or_svg.default\">\n\t\t\t\t<div class=\"elementor-widget-container\">\n\t\t\t\t\t\n\t\t<div class=\"wd-image text-left\">\n\t\t\t\t\t\t\t\t<img decoding=\"async\" width=\"1689\" height=\"2560\" src=\"https:\/\/augusaslan.com\/wp-content\/uploads\/2024\/08\/Varlik-5-kopya-scaled.png\" class=\"attachment-full size-full\" alt=\"augusaslan hakk\u0131mz\u0131da sayfas\u0131 2\" srcset=\"https:\/\/augusaslan.com\/wp-content\/uploads\/2024\/08\/Varlik-5-kopya-scaled.png 1689w, https:\/\/augusaslan.com\/wp-content\/uploads\/2024\/08\/Varlik-5-kopya-150x227.png 150w, https:\/\/augusaslan.com\/wp-content\/uploads\/2024\/08\/Varlik-5-kopya-198x300.png 198w, https:\/\/augusaslan.com\/wp-content\/uploads\/2024\/08\/Varlik-5-kopya-675x1024.png 675w, https:\/\/augusaslan.com\/wp-content\/uploads\/2024\/08\/Varlik-5-kopya-768x1164.png 768w, https:\/\/augusaslan.com\/wp-content\/uploads\/2024\/08\/Varlik-5-kopya-1013x1536.png 1013w, https:\/\/augusaslan.com\/wp-content\/uploads\/2024\/08\/Varlik-5-kopya-1351x2048.png 1351w, https:\/\/augusaslan.com\/wp-content\/uploads\/2024\/08\/Varlik-5-kopya-600x910.png 600w\" sizes=\"(max-width: 1689px) 100vw, 1689px\" \/>\t\t\t\t\t<\/div>\n\n\t\t\t\t\t\t<\/div>\n\t\t\t\t<\/div>\n\t\t\t\t<\/div>\n\t\t\t\t<\/div>\n\t\t\t\t<\/div>","protected":false},"excerpt":{"rendered":"<p>Brand Story Augus Aslan: A Heritage in Style In the heart of Istanbul, Augus Aslan stands as more than a<\/p>","protected":false},"author":1,"featured_media":0,"parent":0,"menu_order":0,"comment_status":"closed","ping_status":"closed","template":"","meta":{"footnotes":""},"class_list":["post-8902","page","type-page","status-publish","hentry"],"yoast_head":"<!-- This site is optimized with the Yoast SEO plugin v27.4 - https:\/\/yoast.com\/product\/yoast-seo-wordpress\/ -->\n<title>About Us | Augus Aslan<\/title>\n<meta name=\"robots\" content=\"index, follow, max-snippet:-1, max-image-preview:large, max-video-preview:-1\" \/>\n<link rel=\"canonical\" href=\"https:\/\/augusaslan.com\/tr\/about-us\/\" \/>\n<meta property=\"og:locale\" content=\"tr_TR\" \/>\n<meta property=\"og:type\" content=\"article\" \/>\n<meta property=\"og:title\" content=\"About Us | Augus Aslan\" \/>\n<meta property=\"og:description\" content=\"Brand Story Augus Aslan: A Heritage in Style In the heart of Istanbul, Augus Aslan stands as more than a\" \/>\n<meta property=\"og:url\" content=\"https:\/\/augusaslan.com\/tr\/about-us\/\" \/>\n<meta property=\"og:site_name\" content=\"Augus Aslan\" \/>\n<meta property=\"article:modified_time\" content=\"2025-05-11T13:05:19+00:00\" \/>\n<meta property=\"og:image\" content=\"https:\/\/augusaslan.com\/wp-content\/uploads\/2025\/02\/augus-aslan-about-us.png\" \/>\n<meta name=\"twitter:card\" content=\"summary_large_image\" \/>\n<meta name=\"twitter:label1\" content=\"Tahmini okuma s\u00fcresi\" \/>\n\t<meta name=\"twitter:data1\" content=\"3 dakika\" \/>\n<script type=\"application\/ld+json\" class=\"yoast-schema-graph\">{\"@context\":\"https:\\\/\\\/schema.org\",\"@graph\":[{\"@type\":\"WebPage\",\"@id\":\"https:\\\/\\\/augusaslan.com\\\/about-us\\\/\",\"url\":\"https:\\\/\\\/augusaslan.com\\\/about-us\\\/\",\"name\":\"About Us | Augus Aslan\",\"isPartOf\":{\"@id\":\"https:\\\/\\\/augusaslan.com\\\/#website\"},\"primaryImageOfPage\":{\"@id\":\"https:\\\/\\\/augusaslan.com\\\/about-us\\\/#primaryimage\"},\"image\":{\"@id\":\"https:\\\/\\\/augusaslan.com\\\/about-us\\\/#primaryimage\"},\"thumbnailUrl\":\"https:\\\/\\\/augusaslan.com\\\/wp-content\\\/uploads\\\/2025\\\/02\\\/augus-aslan-about-us.png\",\"datePublished\":\"2024-08-15T19:59:02+00:00\",\"dateModified\":\"2025-05-11T13:05:19+00:00\",\"breadcrumb\":{\"@id\":\"https:\\\/\\\/augusaslan.com\\\/about-us\\\/#breadcrumb\"},\"inLanguage\":\"tr\",\"potentialAction\":[{\"@type\":\"ReadAction\",\"target\":[\"https:\\\/\\\/augusaslan.com\\\/about-us\\\/\"]}]},{\"@type\":\"ImageObject\",\"inLanguage\":\"tr\",\"@id\":\"https:\\\/\\\/augusaslan.com\\\/about-us\\\/#primaryimage\",\"url\":\"https:\\\/\\\/augusaslan.com\\\/wp-content\\\/uploads\\\/2025\\\/02\\\/augus-aslan-about-us.png\",\"contentUrl\":\"https:\\\/\\\/augusaslan.com\\\/wp-content\\\/uploads\\\/2025\\\/02\\\/augus-aslan-about-us.png\"},{\"@type\":\"BreadcrumbList\",\"@id\":\"https:\\\/\\\/augusaslan.com\\\/about-us\\\/#breadcrumb\",\"itemListElement\":[{\"@type\":\"ListItem\",\"position\":1,\"name\":\"Home\",\"item\":\"https:\\\/\\\/augusaslan.com\\\/\"},{\"@type\":\"ListItem\",\"position\":2,\"name\":\"About Us\"}]},{\"@type\":\"WebSite\",\"@id\":\"https:\\\/\\\/augusaslan.com\\\/#website\",\"url\":\"https:\\\/\\\/augusaslan.com\\\/\",\"name\":\"Augus Aslan\",\"description\":\"\",\"publisher\":{\"@id\":\"https:\\\/\\\/augusaslan.com\\\/#organization\"},\"potentialAction\":[{\"@type\":\"SearchAction\",\"target\":{\"@type\":\"EntryPoint\",\"urlTemplate\":\"https:\\\/\\\/augusaslan.com\\\/?s={search_term_string}\"},\"query-input\":{\"@type\":\"PropertyValueSpecification\",\"valueRequired\":true,\"valueName\":\"search_term_string\"}}],\"inLanguage\":\"tr\"},{\"@type\":\"Organization\",\"@id\":\"https:\\\/\\\/augusaslan.com\\\/#organization\",\"name\":\"Augus Aslan\",\"url\":\"https:\\\/\\\/augusaslan.com\\\/\",\"logo\":{\"@type\":\"ImageObject\",\"inLanguage\":\"tr\",\"@id\":\"https:\\\/\\\/augusaslan.com\\\/#\\\/schema\\\/logo\\\/image\\\/\",\"url\":\"https:\\\/\\\/augusaslan.com\\\/wp-content\\\/uploads\\\/2024\\\/12\\\/Augus-Aslan-Logo.png\",\"contentUrl\":\"https:\\\/\\\/augusaslan.com\\\/wp-content\\\/uploads\\\/2024\\\/12\\\/Augus-Aslan-Logo.png\",\"width\":523,\"height\":211,\"caption\":\"Augus Aslan\"},\"image\":{\"@id\":\"https:\\\/\\\/augusaslan.com\\\/#\\\/schema\\\/logo\\\/image\\\/\"}}]}<\/script>\n<!-- \/ Yoast SEO plugin. -->","yoast_head_json":{"title":"About Us | Augus Aslan","robots":{"index":"index","follow":"follow","max-snippet":"max-snippet:-1","max-image-preview":"max-image-preview:large","max-video-preview":"max-video-preview:-1"},"canonical":"https:\/\/augusaslan.com\/tr\/about-us\/","og_locale":"tr_TR","og_type":"article","og_title":"About Us | Augus Aslan","og_description":"Brand Story Augus Aslan: A Heritage in Style In the heart of Istanbul, Augus Aslan stands as more than a","og_url":"https:\/\/augusaslan.com\/tr\/about-us\/","og_site_name":"Augus Aslan","article_modified_time":"2025-05-11T13:05:19+00:00","og_image":[{"url":"https:\/\/augusaslan.com\/wp-content\/uploads\/2025\/02\/augus-aslan-about-us.png","type":"","width":"","height":""}],"twitter_card":"summary_large_image","twitter_misc":{"Tahmini okuma s\u00fcresi":"3 dakika"},"schema":{"@context":"https:\/\/schema.org","@graph":[{"@type":"WebPage","@id":"https:\/\/augusaslan.com\/about-us\/","url":"https:\/\/augusaslan.com\/about-us\/","name":"About Us | Augus Aslan","isPartOf":{"@id":"https:\/\/augusaslan.com\/#website"},"primaryImageOfPage":{"@id":"https:\/\/augusaslan.com\/about-us\/#primaryimage"},"image":{"@id":"https:\/\/augusaslan.com\/about-us\/#primaryimage"},"thumbnailUrl":"https:\/\/augusaslan.com\/wp-content\/uploads\/2025\/02\/augus-aslan-about-us.png","datePublished":"2024-08-15T19:59:02+00:00","dateModified":"2025-05-11T13:05:19+00:00","breadcrumb":{"@id":"https:\/\/augusaslan.com\/about-us\/#breadcrumb"},"inLanguage":"tr","potentialAction":[{"@type":"ReadAction","target":["https:\/\/augusaslan.com\/about-us\/"]}]},{"@type":"ImageObject","inLanguage":"tr","@id":"https:\/\/augusaslan.com\/about-us\/#primaryimage","url":"https:\/\/augusaslan.com\/wp-content\/uploads\/2025\/02\/augus-aslan-about-us.png","contentUrl":"https:\/\/augusaslan.com\/wp-content\/uploads\/2025\/02\/augus-aslan-about-us.png"},{"@type":"BreadcrumbList","@id":"https:\/\/augusaslan.com\/about-us\/#breadcrumb","itemListElement":[{"@type":"ListItem","position":1,"name":"Home","item":"https:\/\/augusaslan.com\/"},{"@type":"ListItem","position":2,"name":"About Us"}]},{"@type":"WebSite","@id":"https:\/\/augusaslan.com\/#website","url":"https:\/\/augusaslan.com\/","name":"Augus Aslan","description":"","publisher":{"@id":"https:\/\/augusaslan.com\/#organization"},"potentialAction":[{"@type":"SearchAction","target":{"@type":"EntryPoint","urlTemplate":"https:\/\/augusaslan.com\/?s={search_term_string}"},"query-input":{"@type":"PropertyValueSpecification","valueRequired":true,"valueName":"search_term_string"}}],"inLanguage":"tr"},{"@type":"Organization","@id":"https:\/\/augusaslan.com\/#organization","name":"Augus Aslan","url":"https:\/\/augusaslan.com\/","logo":{"@type":"ImageObject","inLanguage":"tr","@id":"https:\/\/augusaslan.com\/#\/schema\/logo\/image\/","url":"https:\/\/augusaslan.com\/wp-content\/uploads\/2024\/12\/Augus-Aslan-Logo.png","contentUrl":"https:\/\/augusaslan.com\/wp-content\/uploads\/2024\/12\/Augus-Aslan-Logo.png","width":523,"height":211,"caption":"Augus Aslan"},"image":{"@id":"https:\/\/augusaslan.com\/#\/schema\/logo\/image\/"}}]}},"_links":{"self":[{"href":"https:\/\/augusaslan.com\/tr\/wp-json\/wp\/v2\/pages\/8902","targetHints":{"allow":["GET"]}}],"collection":[{"href":"https:\/\/augusaslan.com\/tr\/wp-json\/wp\/v2\/pages"}],"about":[{"href":"https:\/\/augusaslan.com\/tr\/wp-json\/wp\/v2\/types\/page"}],"author":[{"embeddable":true,"href":"https:\/\/augusaslan.com\/tr\/wp-json\/wp\/v2\/users\/1"}],"replies":[{"embeddable":true,"href":"https:\/\/augusaslan.com\/tr\/wp-json\/wp\/v2\/comments?post=8902"}],"version-history":[{"count":94,"href":"https:\/\/augusaslan.com\/tr\/wp-json\/wp\/v2\/pages\/8902\/revisions"}],"predecessor-version":[{"id":11121,"href":"https:\/\/augusaslan.com\/tr\/wp-json\/wp\/v2\/pages\/8902\/revisions\/11121"}],"wp:attachment":[{"href":"https:\/\/augusaslan.com\/tr\/wp-json\/wp\/v2\/media?parent=8902"}],"curies":[{"name":"wp","href":"https:\/\/api.w.org\/{rel}","templated":true}]}}