{"id":9197,"date":"2024-10-30T14:42:34","date_gmt":"2024-10-30T11:42:34","guid":{"rendered":"https:\/\/augusaslan.com\/?page_id=9197"},"modified":"2025-05-11T16:07:19","modified_gmt":"2025-05-11T13:07:19","slug":"contact","status":"publish","type":"page","link":"https:\/\/augusaslan.com\/tr\/contact\/","title":{"rendered":"\u0130leti\u015fim"},"content":{"rendered":"<div data-elementor-type=\"wp-page\" data-elementor-id=\"9197\" class=\"elementor elementor-9197\">\n\t\t\t\t\t\t<section class=\"wd-negative-gap elementor-section elementor-top-section elementor-element elementor-element-f751d16 elementor-section-boxed elementor-section-height-default elementor-section-height-default\" data-id=\"f751d16\" data-element_type=\"section\" data-e-type=\"section\">\n\t\t\t\t\t\t<div class=\"elementor-container elementor-column-gap-default\">\n\t\t\t\t\t<div class=\"elementor-column elementor-col-100 elementor-top-column elementor-element elementor-element-2ba6f8fd\" data-id=\"2ba6f8fd\" data-element_type=\"column\" data-e-type=\"column\">\n\t\t\t<div class=\"elementor-widget-wrap elementor-element-populated\">\n\t\t\t\t\t\t<div class=\"elementor-element elementor-element-4673c483 elementor-hidden-mobile wd-width-100 elementor-widget elementor-widget-wd_title\" data-id=\"4673c483\" data-element_type=\"widget\" data-e-type=\"widget\" data-widget_type=\"wd_title.default\">\n\t\t\t\t<div class=\"elementor-widget-container\">\n\t\t\t\t\t\t\t<div class=\"title-wrapper wd-set-mb reset-last-child wd-title-color-default wd-title-style-default wd-title-size-extra-large text-center\">\n\n\t\t\t\n\t\t\t<div class=\"liner-continer\">\n\t\t\t\t<h4 class=\"woodmart-title-container title wd-fontsize-xxxl\">Contact Us<\/h4> \n\t\t\t\t\t\t\t<\/div>\n\n\t\t\t\t\t\t\t<div class=\"title-after_title reset-last-child wd-fontsize-s\">\n\t\t\t\t\t<p>We will answer any questions you may have about our online sales, rights or partnership service right here.<\/p>\t\t\t\t<\/div>\n\t\t\t\t\t<\/div>\n\t\t\t\t\t\t<\/div>\n\t\t\t\t<\/div>\n\t\t\t\t<div class=\"elementor-element elementor-element-9f3ab66 elementor-hidden-desktop elementor-hidden-tablet wd-width-100 elementor-widget elementor-widget-wd_title\" data-id=\"9f3ab66\" data-element_type=\"widget\" data-e-type=\"widget\" data-widget_type=\"wd_title.default\">\n\t\t\t\t<div class=\"elementor-widget-container\">\n\t\t\t\t\t\t\t<div class=\"title-wrapper wd-set-mb reset-last-child wd-title-color-default wd-title-style-default wd-title-size-extra-large text-center\">\n\n\t\t\t\n\t\t\t<div class=\"liner-continer\">\n\t\t\t\t<h4 class=\"woodmart-title-container title wd-fontsize-xxxl\">Contact Us<\/h4> \n\t\t\t\t\t\t\t<\/div>\n\n\t\t\t\t\t\t\t<div class=\"title-after_title reset-last-child wd-fontsize-s\">\n\t\t\t\t\t<p>We will answer any questions you may have about our online sales, rights or partnership service right here.<\/p>\t\t\t\t<\/div>\n\t\t\t\t\t<\/div>\n\t\t\t\t\t\t<\/div>\n\t\t\t\t<\/div>\n\t\t\t\t\t<\/div>\n\t\t<\/div>\n\t\t\t\t\t<\/div>\n\t\t<\/section>\n\t\t\t\t<section class=\"wd-negative-gap elementor-section elementor-top-section elementor-element elementor-element-24e04713 elementor-section-boxed elementor-section-height-default elementor-section-height-default\" data-id=\"24e04713\" data-element_type=\"section\" data-e-type=\"section\">\n\t\t\t\t\t\t<div class=\"elementor-container elementor-column-gap-extended\">\n\t\t\t\t\t<div class=\"elementor-column elementor-col-33 elementor-top-column elementor-element elementor-element-4084d47\" data-id=\"4084d47\" data-element_type=\"column\" data-e-type=\"column\">\n\t\t\t<div class=\"elementor-widget-wrap elementor-element-populated\">\n\t\t\t\t\t\t<div class=\"elementor-element elementor-element-621511a1 elementor-widget elementor-widget-wd_infobox\" data-id=\"621511a1\" data-element_type=\"widget\" data-e-type=\"widget\" data-widget_type=\"wd_infobox.default\">\n\t\t\t\t<div class=\"elementor-widget-container\">\n\t\t\t\t\t\t\t<div class=\"info-box-wrapper\">\n\t\t\t<div class=\"wd-info-box text-left box-icon-align-top box-style-base color-scheme-\">\n\t\t\t\t\n\t\t\t\t<div class=\"info-box-content\">\n\t\t\t\t\t\n\t\t\t\t\t\t\t\t\t\t\t<h4\t\t\t\t\t\tclass=\"info-box-title title box-title-style-underlined wd-fontsize-s\" data-elementor-setting-key=\"title\">\n\t\t\t\t\t\t\t\tADDRESS\t\t\t\t\t\t<\/h4>\n\t\t\t\t\t\n\t\t\t\t\t<div class=\"info-box-inner reset-last-child\"data-elementor-setting-key=\"content\"><p><span class=\"LrzXr\">\u015eahkulu, M\u00fcellif Sk. No:8 D:4, 34421 Beyo\u011flu\/\u0130stanbul<\/span><\/p>\n<\/div>\n\n\t\t\t\t\t\t\t\t\t<\/div>\n\n\t\t\t\t\t\t\t<\/div>\n\t\t<\/div>\n\t\t\t\t\t\t<\/div>\n\t\t\t\t<\/div>\n\t\t\t\t\t<\/div>\n\t\t<\/div>\n\t\t\t\t<div class=\"elementor-column elementor-col-33 elementor-top-column elementor-element elementor-element-44dae23f\" data-id=\"44dae23f\" data-element_type=\"column\" data-e-type=\"column\">\n\t\t\t<div class=\"elementor-widget-wrap elementor-element-populated\">\n\t\t\t\t\t\t<div class=\"elementor-element elementor-element-7600396f elementor-widget elementor-widget-wd_infobox\" data-id=\"7600396f\" data-element_type=\"widget\" data-e-type=\"widget\" data-widget_type=\"wd_infobox.default\">\n\t\t\t\t<div class=\"elementor-widget-container\">\n\t\t\t\t\t\t\t<div class=\"info-box-wrapper\">\n\t\t\t<div class=\"wd-info-box text-left box-icon-align-top box-style-base color-scheme-\">\n\t\t\t\t\n\t\t\t\t<div class=\"info-box-content\">\n\t\t\t\t\t\n\t\t\t\t\t\t\t\t\t\t\t<h4\t\t\t\t\t\tclass=\"info-box-title title box-title-style-underlined wd-fontsize-s\" data-elementor-setting-key=\"title\">\n\t\t\t\t\t\t\t\tPHONE\t\t\t\t\t\t<\/h4>\n\t\t\t\t\t\n\t\t\t\t\t<div class=\"info-box-inner reset-last-child\"data-elementor-setting-key=\"content\"><p>+90 <a href=\"https:\/\/www.google.com.tr\/search?q=augus+aslan&amp;sca_esv=c7b7f9fefc22d71e&amp;source=hp&amp;ei=yqAoZ4ONGoGExc8P387U2Qk&amp;iflsig=AL9hbdgAAAAAZyiu2jph-zBzCBLhImo7W8G0YoFObXQ8&amp;ved=0ahUKEwiDmuP7usKJAxUBQvEDHV8nNZsQ4dUDCA0&amp;uact=5&amp;oq=augus+aslan&amp;gs_lp=Egdnd3Mtd2l6GgIYAiILYXVndXMgYXNsYW4yCxAuGIAEGBMYChgNMg4QABgTGAgYChgNGB4YDzICECYyCBAAGIAEGKIEMggQABiABBiiBDIIEAAYgAQYogQyCBAAGIAEGKIESIYNUABYoAtwAHgAkAEAmAG0AaABzAyqAQQwLjExuAEDyAEA-AEBmAIKoALmC8ICCxAAGIAEGLEDGIMBwgILEC4YgAQY0QMYxwHCAg4QLhiABBixAxiDARiKBcICDhAAGIAEGLEDGIMBGIoFwgILEAAYgAQYsQMYiwPCAhQQLhiABBjRAxjSAxjHARioAxiLA8ICERAAGIAEGLEDGIMBGIoFGIsDwgIUEC4YgAQYsQMYgwEYqAMYiwMYmwPCAhQQLhiABBixAxiDARjHARiOBRivAcICDhAAGIAEGLEDGIMBGIsDwgIXEC4YgAQYsQMY0QMY0gMYxwEYqAMYiwPCAggQABiABBixA8ICBRAAGIAEwgIIEAAYgAQYiwPCAhEQLhiABBixAxioAxiLAxibA8ICCBAuGIAEGLEDwgIOEC4YgAQYmAMYqAMYiwPCAhEQLhiABBixAxioAxiaAxiLA8ICFBAuGIAEGLEDGIMBGKgDGJoDGIsDwgILEC4YgAQYsQMYgwHCAg4QLhiABBioAxiYAxiLA8ICExAuGIAEGPgFGKgDGJgDGAoYiwPCAhYQLhiABBixAxiDARioAxgKGJoDGIsDwgIHEAAYgAQYCsICDRAuGIAEGLEDGIMBGArCAgoQLhiABBixAxgKwgIKEAAYgAQYChiLA8ICEBAuGIAEGKQDGKgDGAoYiwPCAhAQLhiABBioAxgKGJoDGIsDwgIHEAAYgAQYDcICBhAAGA0YHsICCBAuGAoYDRgewgIIEAAYFhgKGB7CAgYQABgWGB7CAgkQABiABBgTGA3CAgsQABiABBgTGAoYDZgDAJIHBDAuMTCgB8p9&amp;sclient=gws-wiz#\" data-dtype=\"d3ph\" data-local-attribute=\"d3ph\" data-ved=\"2ahUKEwjO9Z79usKJAxXGSvEDHQylNNsQkAgoAHoECDoQAw\"><span aria-label=\"0531 867 79 98 Numaral\u0131 Telefonu Ara\">531 <\/span><\/a><span aria-label=\"0531 867 79 98 Numaral\u0131 Telefonu Ara\">867<\/span><span aria-label=\"0531 867 79 98 Numaral\u0131 Telefonu Ara\"> 79 98<\/span><\/p>\n<\/div>\n\n\t\t\t\t\t\t\t\t\t<\/div>\n\n\t\t\t\t\t\t\t<\/div>\n\t\t<\/div>\n\t\t\t\t\t\t<\/div>\n\t\t\t\t<\/div>\n\t\t\t\t\t<\/div>\n\t\t<\/div>\n\t\t\t\t<div class=\"elementor-column elementor-col-33 elementor-top-column elementor-element elementor-element-3c549dc3\" data-id=\"3c549dc3\" data-element_type=\"column\" data-e-type=\"column\">\n\t\t\t<div class=\"elementor-widget-wrap elementor-element-populated\">\n\t\t\t\t\t\t<div class=\"elementor-element elementor-element-2d931fa5 elementor-widget elementor-widget-wd_infobox\" data-id=\"2d931fa5\" data-element_type=\"widget\" data-e-type=\"widget\" data-widget_type=\"wd_infobox.default\">\n\t\t\t\t<div class=\"elementor-widget-container\">\n\t\t\t\t\t\t\t<div class=\"info-box-wrapper\">\n\t\t\t<div class=\"wd-info-box text-left box-icon-align-top box-style-base color-scheme-\">\n\t\t\t\t\n\t\t\t\t<div class=\"info-box-content\">\n\t\t\t\t\t\n\t\t\t\t\t\t\t\t\t\t\t<h4\t\t\t\t\t\tclass=\"info-box-title title box-title-style-underlined wd-fontsize-s\" data-elementor-setting-key=\"title\">\n\t\t\t\t\t\t\t\tEMAIL\t\t\t\t\t\t<\/h4>\n\t\t\t\t\t\n\t\t\t\t\t<div class=\"info-box-inner reset-last-child\"data-elementor-setting-key=\"content\"><p>info@augusaslan.com<\/p>\n<\/div>\n\n\t\t\t\t\t\t\t\t\t<\/div>\n\n\t\t\t\t\t\t\t<\/div>\n\t\t<\/div>\n\t\t\t\t\t\t<\/div>\n\t\t\t\t<\/div>\n\t\t\t\t\t<\/div>\n\t\t<\/div>\n\t\t\t\t\t<\/div>\n\t\t<\/section>\n\t\t<div class=\"wd-negative-gap elementor-element elementor-element-bc76fa4 e-flex e-con-boxed e-con e-parent\" data-id=\"bc76fa4\" data-element_type=\"container\" data-e-type=\"container\">\n\t\t\t\t\t<div class=\"e-con-inner\">\n\t\t\t\t<div class=\"elementor-element elementor-element-0ad6376 elementor-widget elementor-widget-google_maps\" data-id=\"0ad6376\" data-element_type=\"widget\" data-e-type=\"widget\" data-widget_type=\"google_maps.default\">\n\t\t\t\t<div class=\"elementor-widget-container\">\n\t\t\t\t\t\t\t<div class=\"elementor-custom-embed\">\n\t\t\t<iframe loading=\"lazy\"\n\t\t\t\t\tsrc=\"https:\/\/maps.google.com\/maps?q=augus%20aslan&#038;t=m&#038;z=15&#038;output=embed&#038;iwloc=near\"\n\t\t\t\t\ttitle=\"augus aslan\"\n\t\t\t\t\taria-label=\"augus aslan\"\n\t\t\t><\/iframe>\n\t\t<\/div>\n\t\t\t\t\t\t<\/div>\n\t\t\t\t<\/div>\n\t\t\t\t\t<\/div>\n\t\t\t\t<\/div>\n\t\t\t\t<\/div>","protected":false},"excerpt":{"rendered":"<p>Contact Us We will answer any questions you may have about our online sales, rights or partnership service right here.<\/p>","protected":false},"author":1,"featured_media":0,"parent":0,"menu_order":0,"comment_status":"closed","ping_status":"closed","template":"","meta":{"footnotes":""},"class_list":["post-9197","page","type-page","status-publish","hentry"],"yoast_head":"<!-- This site is optimized with the Yoast SEO plugin v27.4 - https:\/\/yoast.com\/product\/yoast-seo-wordpress\/ -->\n<title>Contact | Augus Aslan<\/title>\n<meta name=\"robots\" content=\"index, follow, max-snippet:-1, max-image-preview:large, max-video-preview:-1\" \/>\n<link rel=\"canonical\" href=\"https:\/\/augusaslan.com\/tr\/contact\/\" \/>\n<meta property=\"og:locale\" content=\"tr_TR\" \/>\n<meta property=\"og:type\" content=\"article\" \/>\n<meta property=\"og:title\" content=\"Contact | Augus Aslan\" \/>\n<meta property=\"og:description\" content=\"Contact Us We will answer any questions you may have about our online sales, rights or partnership service right here.\" \/>\n<meta property=\"og:url\" content=\"https:\/\/augusaslan.com\/tr\/contact\/\" \/>\n<meta property=\"og:site_name\" content=\"Augus Aslan\" \/>\n<meta property=\"article:modified_time\" content=\"2025-05-11T13:07:19+00:00\" \/>\n<meta name=\"twitter:card\" content=\"summary_large_image\" \/>\n<meta name=\"twitter:label1\" content=\"Tahmini okuma s\u00fcresi\" \/>\n\t<meta name=\"twitter:data1\" content=\"1 dakika\" \/>\n<script type=\"application\/ld+json\" class=\"yoast-schema-graph\">{\"@context\":\"https:\\\/\\\/schema.org\",\"@graph\":[{\"@type\":\"WebPage\",\"@id\":\"https:\\\/\\\/augusaslan.com\\\/contact\\\/\",\"url\":\"https:\\\/\\\/augusaslan.com\\\/contact\\\/\",\"name\":\"Contact | Augus Aslan\",\"isPartOf\":{\"@id\":\"https:\\\/\\\/augusaslan.com\\\/#website\"},\"datePublished\":\"2024-10-30T11:42:34+00:00\",\"dateModified\":\"2025-05-11T13:07:19+00:00\",\"breadcrumb\":{\"@id\":\"https:\\\/\\\/augusaslan.com\\\/contact\\\/#breadcrumb\"},\"inLanguage\":\"tr\",\"potentialAction\":[{\"@type\":\"ReadAction\",\"target\":[\"https:\\\/\\\/augusaslan.com\\\/contact\\\/\"]}]},{\"@type\":\"BreadcrumbList\",\"@id\":\"https:\\\/\\\/augusaslan.com\\\/contact\\\/#breadcrumb\",\"itemListElement\":[{\"@type\":\"ListItem\",\"position\":1,\"name\":\"Home\",\"item\":\"https:\\\/\\\/augusaslan.com\\\/\"},{\"@type\":\"ListItem\",\"position\":2,\"name\":\"Contact\"}]},{\"@type\":\"WebSite\",\"@id\":\"https:\\\/\\\/augusaslan.com\\\/#website\",\"url\":\"https:\\\/\\\/augusaslan.com\\\/\",\"name\":\"Augus Aslan\",\"description\":\"\",\"publisher\":{\"@id\":\"https:\\\/\\\/augusaslan.com\\\/#organization\"},\"potentialAction\":[{\"@type\":\"SearchAction\",\"target\":{\"@type\":\"EntryPoint\",\"urlTemplate\":\"https:\\\/\\\/augusaslan.com\\\/?s={search_term_string}\"},\"query-input\":{\"@type\":\"PropertyValueSpecification\",\"valueRequired\":true,\"valueName\":\"search_term_string\"}}],\"inLanguage\":\"tr\"},{\"@type\":\"Organization\",\"@id\":\"https:\\\/\\\/augusaslan.com\\\/#organization\",\"name\":\"Augus Aslan\",\"url\":\"https:\\\/\\\/augusaslan.com\\\/\",\"logo\":{\"@type\":\"ImageObject\",\"inLanguage\":\"tr\",\"@id\":\"https:\\\/\\\/augusaslan.com\\\/#\\\/schema\\\/logo\\\/image\\\/\",\"url\":\"https:\\\/\\\/augusaslan.com\\\/wp-content\\\/uploads\\\/2024\\\/12\\\/Augus-Aslan-Logo.png\",\"contentUrl\":\"https:\\\/\\\/augusaslan.com\\\/wp-content\\\/uploads\\\/2024\\\/12\\\/Augus-Aslan-Logo.png\",\"width\":523,\"height\":211,\"caption\":\"Augus Aslan\"},\"image\":{\"@id\":\"https:\\\/\\\/augusaslan.com\\\/#\\\/schema\\\/logo\\\/image\\\/\"}}]}<\/script>\n<!-- \/ Yoast SEO plugin. -->","yoast_head_json":{"title":"Contact | Augus Aslan","robots":{"index":"index","follow":"follow","max-snippet":"max-snippet:-1","max-image-preview":"max-image-preview:large","max-video-preview":"max-video-preview:-1"},"canonical":"https:\/\/augusaslan.com\/tr\/contact\/","og_locale":"tr_TR","og_type":"article","og_title":"Contact | Augus Aslan","og_description":"Contact Us We will answer any questions you may have about our online sales, rights or partnership service right here.","og_url":"https:\/\/augusaslan.com\/tr\/contact\/","og_site_name":"Augus Aslan","article_modified_time":"2025-05-11T13:07:19+00:00","twitter_card":"summary_large_image","twitter_misc":{"Tahmini okuma s\u00fcresi":"1 dakika"},"schema":{"@context":"https:\/\/schema.org","@graph":[{"@type":"WebPage","@id":"https:\/\/augusaslan.com\/contact\/","url":"https:\/\/augusaslan.com\/contact\/","name":"Contact | Augus Aslan","isPartOf":{"@id":"https:\/\/augusaslan.com\/#website"},"datePublished":"2024-10-30T11:42:34+00:00","dateModified":"2025-05-11T13:07:19+00:00","breadcrumb":{"@id":"https:\/\/augusaslan.com\/contact\/#breadcrumb"},"inLanguage":"tr","potentialAction":[{"@type":"ReadAction","target":["https:\/\/augusaslan.com\/contact\/"]}]},{"@type":"BreadcrumbList","@id":"https:\/\/augusaslan.com\/contact\/#breadcrumb","itemListElement":[{"@type":"ListItem","position":1,"name":"Home","item":"https:\/\/augusaslan.com\/"},{"@type":"ListItem","position":2,"name":"Contact"}]},{"@type":"WebSite","@id":"https:\/\/augusaslan.com\/#website","url":"https:\/\/augusaslan.com\/","name":"Augus Aslan","description":"","publisher":{"@id":"https:\/\/augusaslan.com\/#organization"},"potentialAction":[{"@type":"SearchAction","target":{"@type":"EntryPoint","urlTemplate":"https:\/\/augusaslan.com\/?s={search_term_string}"},"query-input":{"@type":"PropertyValueSpecification","valueRequired":true,"valueName":"search_term_string"}}],"inLanguage":"tr"},{"@type":"Organization","@id":"https:\/\/augusaslan.com\/#organization","name":"Augus Aslan","url":"https:\/\/augusaslan.com\/","logo":{"@type":"ImageObject","inLanguage":"tr","@id":"https:\/\/augusaslan.com\/#\/schema\/logo\/image\/","url":"https:\/\/augusaslan.com\/wp-content\/uploads\/2024\/12\/Augus-Aslan-Logo.png","contentUrl":"https:\/\/augusaslan.com\/wp-content\/uploads\/2024\/12\/Augus-Aslan-Logo.png","width":523,"height":211,"caption":"Augus Aslan"},"image":{"@id":"https:\/\/augusaslan.com\/#\/schema\/logo\/image\/"}}]}},"_links":{"self":[{"href":"https:\/\/augusaslan.com\/tr\/wp-json\/wp\/v2\/pages\/9197","targetHints":{"allow":["GET"]}}],"collection":[{"href":"https:\/\/augusaslan.com\/tr\/wp-json\/wp\/v2\/pages"}],"about":[{"href":"https:\/\/augusaslan.com\/tr\/wp-json\/wp\/v2\/types\/page"}],"author":[{"embeddable":true,"href":"https:\/\/augusaslan.com\/tr\/wp-json\/wp\/v2\/users\/1"}],"replies":[{"embeddable":true,"href":"https:\/\/augusaslan.com\/tr\/wp-json\/wp\/v2\/comments?post=9197"}],"version-history":[{"count":29,"href":"https:\/\/augusaslan.com\/tr\/wp-json\/wp\/v2\/pages\/9197\/revisions"}],"predecessor-version":[{"id":11133,"href":"https:\/\/augusaslan.com\/tr\/wp-json\/wp\/v2\/pages\/9197\/revisions\/11133"}],"wp:attachment":[{"href":"https:\/\/augusaslan.com\/tr\/wp-json\/wp\/v2\/media?parent=9197"}],"curies":[{"name":"wp","href":"https:\/\/api.w.org\/{rel}","templated":true}]}}