{"id":9277,"date":"2024-11-05T12:28:20","date_gmt":"2024-11-05T09:28:20","guid":{"rendered":"https:\/\/augusaslan.com\/?page_id=9277"},"modified":"2024-11-05T12:32:46","modified_gmt":"2024-11-05T09:32:46","slug":"uyelik-ve-kullanim-kosullari","status":"publish","type":"page","link":"https:\/\/augusaslan.com\/tr\/uyelik-ve-kullanim-kosullari\/","title":{"rendered":"\u00dcyelik ve Kullan\u0131m Ko\u015fullar\u0131"},"content":{"rendered":"<div data-elementor-type=\"wp-page\" data-elementor-id=\"9277\" class=\"elementor elementor-9277\">\n\t\t\t\t<div class=\"wd-negative-gap elementor-element elementor-element-9501d68 e-flex e-con-boxed e-con e-parent\" data-id=\"9501d68\" data-element_type=\"container\" data-e-type=\"container\">\n\t\t\t\t\t<div class=\"e-con-inner\">\n\t\t\t\t<div class=\"elementor-element elementor-element-13c0cc3 elementor-widget elementor-widget-wd_text_block\" data-id=\"13c0cc3\" data-element_type=\"widget\" data-e-type=\"widget\" data-widget_type=\"wd_text_block.default\">\n\t\t\t\t<div class=\"elementor-widget-container\">\n\t\t\t\t\t\t\t<div class=\"wd-text-block reset-last-child text-left\">\n\t\t\t\n\t\t\t<p><strong>S\u0130TE KULLANIM \u015eARTLARI<\/strong><\/p><p>L\u00fctfen sitemizi kullanmadan evvel bu \u2018site kullan\u0131m \u015fartlar\u0131\u2019n\u0131 dikkatlice okuyunuz.<\/p><p>Bu al\u0131\u015fveri\u015f sitesini kullanan ve al\u0131\u015fveri\u015f yapan m\u00fc\u015fterilerimiz a\u015fa\u011f\u0131daki \u015fartlar\u0131 kabul etmi\u015f say\u0131l\u0131r:<\/p><p>Bu internet sitesine girilmesi, sitenin ya da sitedeki bilgilerin ve di\u011fer verilerin, programlar\u0131n vb. kullan\u0131lmas\u0131 sebebiyle, s\u00f6zle\u015fmenin ihlali, haks\u0131z fiil veya ba\u015fkaca sebeplere binaen do\u011fabilecek do\u011frudan ya da dolayl\u0131 hi\u00e7bir zarardan augusaslan.com (bundan b\u00f6yle \u201cAUGUSASLAN\u201d olarak an\u0131lacakt\u0131r) sorumlu de\u011fildir. AUGUSASLAN, s\u00f6zle\u015fmenin ihlali, haks\u0131z fiil, ihmal veya di\u011fer sebepler neticesinde; i\u015flemin kesintiye u\u011framas\u0131, hata, ihmal, kesinti hususunda herhangi bir sorumluluk kabul etmez.<\/p><p>AUGUSASLAN i\u015fbu site ve site uzant\u0131s\u0131nda mevcut her t\u00fcr hizmet, \u00fcr\u00fcn, siteyi kullanma ko\u015fullar\u0131 ile sitede sunulan bilgileri \u00f6nceden bir ihtara gerek olmaks\u0131z\u0131n de\u011fi\u015ftirme, siteyi yeniden organize etme, yay\u0131n\u0131 durdurma hakk\u0131n\u0131 sakl\u0131 tutar. De\u011fi\u015fiklikler sitede yay\u0131m an\u0131nda y\u00fcr\u00fcrl\u00fc\u011fe girer. Sitenin kullan\u0131m\u0131 ya da siteye giri\u015f ile bu de\u011fi\u015fiklikler de kabul edilmi\u015f say\u0131l\u0131r. Bu ko\u015fullar link verilen di\u011fer web sayfalar\u0131 i\u00e7in de ge\u00e7erlidir.<\/p><p>AUGUSASLAN, s\u00f6zle\u015fmenin ihlali, haks\u0131z fiil, ihmal veya di\u011fer sebepler neticesinde; i\u015flemin kesintiye u\u011framas\u0131, hata, ihmal, kesinti, silinme, kay\u0131p, i\u015flemin veya ileti\u015fimin gecikmesi, bilgisayar vir\u00fcs\u00fc, ileti\u015fim hatas\u0131, h\u0131rs\u0131zl\u0131k, imha veya izinsiz olarak kay\u0131tlara girilmesi, de\u011fi\u015ftirilmesi veya kullan\u0131lmas\u0131 hususunda herhangi bir sorumluluk kabul etmez.<\/p><p>Bu internet sitesi AUGUSASLAN\u2019n\u0131n kontrol\u00fc alt\u0131nda olmayan ba\u015fka internet sitelerine ba\u011flant\u0131 veya referans i\u00e7erebilir. AUGUSASLAN, bu sitelerin i\u00e7erikleri veya i\u00e7erdikleri di\u011fer ba\u011flant\u0131lardan sorumlu de\u011fildir. Gizlilik Politikam\u0131za buradan ula\u015fabilirsiniz.<\/p><p>AUGUSASLAN bu internet sitesinin genel g\u00f6r\u00fcn\u00fcm ve dizayn\u0131 ile internet sitesindeki t\u00fcm bilgi, resim, AUGUSASLAN Markas\u0131, <a href=\"https:\/\/augusaslan.com\/tr\/\" target=\"_new\" rel=\"noopener\">www.augusaslan.com<\/a> alan ad\u0131, logo, ikon, demonstratif, yaz\u0131l\u0131, elektronik, grafik veya makinede okunabilir \u015fekilde sunulan teknik veriler, bilgisayar yaz\u0131l\u0131mlar\u0131, uygulanan sat\u0131\u015f sistemi ve t\u00fcm materyallerine ve bunlara ili\u015fkin fikri ve s\u0131nai m\u00fclkiyet haklar\u0131n\u0131n sahibi veya lisans sahibidir ve yasal koruma alt\u0131ndad\u0131r. \u0130nternet sitesinde bulunan hi\u00e7bir materyal; \u00f6nceden izin al\u0131nmadan ve kaynak g\u00f6sterilmeden, kod ve yaz\u0131l\u0131m da dahil olmak \u00fczere, de\u011fi\u015ftirilemez, kopyalanamaz, \u00e7o\u011falt\u0131lamaz, ba\u015fka bir lisana \u00e7evrilemez, yeniden yay\u0131mlanamaz, ba\u015fka bir bilgisayara y\u00fcklenemez, postalanamaz, iletilemez, sunulamaz ya da da\u011f\u0131t\u0131lamaz. \u0130nternet sitesinin b\u00fct\u00fcn\u00fc veya bir k\u0131sm\u0131 ba\u015fka bir internet sitesinde izinsiz olarak kullan\u0131lamaz. Aksine hareketler hukuki ve cezai sorumlulu\u011fu gerektirir. AUGUSASLAN\u2019\u0131n burada a\u00e7\u0131k\u00e7a belirtilmeyen di\u011fer t\u00fcm haklar\u0131 sakl\u0131d\u0131r.<\/p><p>AUGUSASLAN, diledi\u011fi zaman bu yasal uyar\u0131 sayfas\u0131n\u0131n i\u00e7eri\u011fini g\u00fcncelleme yetkisini sakl\u0131 tutmaktad\u0131r ve kullan\u0131c\u0131lar\u0131na siteye her giri\u015fte yasal uyar\u0131 sayfas\u0131n\u0131 ziyaret etmelerini tavsiye etmektedir.<\/p><p>Sitemizdeki web sayfalar\u0131 ve ona ba\u011fl\u0131 t\u00fcm sayfalar (\u2018site\u2019) <a href=\"https:\/\/augusaslan.com\/tr\/\" target=\"_new\" rel=\"noopener\">www.augusaslan.com<\/a> adresindeki AUGUSASLAN firmas\u0131n\u0131n (AUGUSASLAN) mal\u0131d\u0131r ve onun taraf\u0131ndan i\u015fletilir. Sizler (\u2018Kullan\u0131c\u0131\u2019) sitede sunulan t\u00fcm hizmetleri kullan\u0131rken a\u015fa\u011f\u0131daki \u015fartlara tabi oldu\u011funuzu, sitedeki hizmetten yararlanmakla ve kullanmaya devam etmekle; Ba\u011fl\u0131 oldu\u011funuz yasalara g\u00f6re s\u00f6zle\u015fme imzalama hakk\u0131na, yetkisine ve hukuki ehliyetine sahip ve 18 ya\u015f\u0131n \u00fczerinde oldu\u011funuzu, bu s\u00f6zle\u015fmeyi okudu\u011funuzu, anlad\u0131\u011f\u0131n\u0131z\u0131 ve s\u00f6zle\u015fmede yazan \u015fartlarla ba\u011fl\u0131 oldu\u011funuzu kabul etmi\u015f say\u0131l\u0131rs\u0131n\u0131z.<\/p><p>\u0130\u015fbu s\u00f6zle\u015fme taraflara s\u00f6zle\u015fme konusu site ile ilgili hak ve y\u00fck\u00fcml\u00fcl\u00fckler y\u00fckler ve taraflar i\u015fbu s\u00f6zle\u015fmeyi kabul ettiklerinde bahsi ge\u00e7en hak ve y\u00fck\u00fcml\u00fcl\u00fckleri eksiksiz, do\u011fru, zaman\u0131nda, i\u015fbu s\u00f6zle\u015fmede talep edilen \u015fartlar d\u00e2hilinde yerine getireceklerini beyan ederler.<\/p><p><strong>SORUMLULUKLAR<\/strong> a. AUGUSASLAN, fiyatlar ve sunulan \u00fcr\u00fcn ve hizmetler \u00fczerinde de\u011fi\u015fiklik yapma hakk\u0131n\u0131 her zaman sakl\u0131 tutar.<\/p><p>b. AUGUSASLAN, \u00fcyenin s\u00f6zle\u015fme konusu hizmetlerden, teknik ar\u0131zalar d\u0131\u015f\u0131nda yararland\u0131r\u0131laca\u011f\u0131n\u0131 kabul ve taahh\u00fct eder.<\/p><p>c. Kullan\u0131c\u0131, sitenin kullan\u0131m\u0131nda tersine m\u00fchendislik yapmayaca\u011f\u0131n\u0131 ya da bunlar\u0131n kaynak kodunu bulmak veya elde etmek amac\u0131na y\u00f6nelik herhangi bir ba\u015fka i\u015flemde bulunmayaca\u011f\u0131n\u0131 aksi halde ve 3. Ki\u015filer nezdinde do\u011facak zararlardan sorumlu olaca\u011f\u0131n\u0131, hakk\u0131nda hukuki ve cezai i\u015flem yap\u0131laca\u011f\u0131n\u0131 pe\u015finen kabul eder.<\/p><p>d. Kullan\u0131c\u0131, site i\u00e7indeki faaliyetlerinde, sitenin herhangi bir b\u00f6l\u00fcm\u00fcnde veya ileti\u015fimlerinde genel ahlaka ve adaba ayk\u0131r\u0131, kanuna ayk\u0131r\u0131, 3. ki\u015filerin haklar\u0131n\u0131 zedeleyen, yan\u0131lt\u0131c\u0131, sald\u0131rgan, m\u00fcstehcen, pornografik, ki\u015filik haklar\u0131n\u0131 zedeleyen, telif haklar\u0131na ayk\u0131r\u0131, yasa d\u0131\u015f\u0131 faaliyetleri te\u015fvik eden i\u00e7erikler \u00fcretmeyece\u011fini, payla\u015fmayaca\u011f\u0131n\u0131 kabul eder. Aksi halde olu\u015facak zarardan tamamen kendisi sorumludur ve bu durumda \u2018Site\u2019 yetkilileri, bu t\u00fcr hesaplar\u0131 ask\u0131ya alabilir, sona erdirebilir, yasal s\u00fcre\u00e7 ba\u015flatma hakk\u0131n\u0131 sakl\u0131 tutar. Bu sebeple yarg\u0131 mercilerinden etkinlik veya kullan\u0131c\u0131 hesaplar\u0131 ile ilgili bilgi talepleri gelirse payla\u015fma hakk\u0131n\u0131 sakl\u0131 tutar.<\/p><p>e. Sitenin \u00fcyelerinin birbirleri veya \u00fc\u00e7\u00fcnc\u00fc \u015fah\u0131slarla olan ili\u015fkileri kendi sorumlulu\u011fundad\u0131r.<\/p><p><strong>Fikri M\u00fclkiyet Haklar\u0131<\/strong> 2.1. \u0130\u015fbu Site\u2019de yer alan \u00fcnvan, i\u015fletme ad\u0131, marka, patent, logo, tasar\u0131m, bilgi ve y\u00f6ntem gibi tescilli veya tescilsiz t\u00fcm fikri m\u00fclkiyet haklar\u0131 site i\u015fleteni ve sahibi AUGUSASLAN\u2019a veya belirtilen ilgilisine ait olup, ulusal ve uluslararas\u0131 hukukun korumas\u0131 alt\u0131ndad\u0131r. \u0130\u015fbu Site\u2019nin ziyaret edilmesi veya bu Site\u2019deki hizmetlerden yararlan\u0131lmas\u0131 s\u00f6z konusu fikri m\u00fclkiyet haklar\u0131 konusunda hi\u00e7bir hak vermez.<\/p><p>2.2. Site\u2019de yer alan bilgiler hi\u00e7bir \u015fekilde \u00e7o\u011falt\u0131lamaz, yay\u0131nlanamaz, kopyalanamaz, sunulamaz ve\/veya aktar\u0131lamaz. Site\u2019nin b\u00fct\u00fcn\u00fc veya bir k\u0131sm\u0131 di\u011fer bir internet sitesinde izinsiz olarak kullan\u0131lamaz.<\/p><p><strong>Gizli Bilgi<\/strong> 3.1. AUGUSASLAN, site \u00fczerinden kullan\u0131c\u0131lar\u0131n iletti\u011fi ki\u015fisel bilgileri 3. ki\u015filere a\u00e7\u0131klamayacakt\u0131r. Bu ki\u015fisel bilgiler; ki\u015fi ad\u0131-soyad\u0131, adresi, telefon numaras\u0131, cep telefonu, e-posta adresi gibi Kullan\u0131c\u0131\u2019y\u0131 tan\u0131mlamaya y\u00f6nelik her t\u00fcrl\u00fc di\u011fer bilgiyi i\u00e7ermekte olup, k\u0131saca \u2018Gizli Bilgiler\u2019 olarak an\u0131lacakt\u0131r.<\/p><p>3.2. Kullan\u0131c\u0131, sadece tan\u0131t\u0131m, reklam, kampanya, promosyon, duyuru vb. pazarlama faaliyetleri kapsam\u0131nda kullan\u0131lmas\u0131 ile s\u0131n\u0131rl\u0131 olmak \u00fczere, Site\u2019nin sahibi olan AUGUSASLAN\u2019\u0131n kendisine ait ileti\u015fim, portf\u00f6y durumu ve demografik bilgilerini i\u015ftirakleri ya da ba\u011fl\u0131 bulundu\u011fu grup \u015firketleri ile payla\u015fmas\u0131na muvafakat etti\u011fini kabul ve beyan eder. Bu ki\u015fisel bilgiler AUGUSASLAN b\u00fcnyesinde m\u00fc\u015fteri profili belirlemek, m\u00fc\u015fteri profiline uygun promosyon ve kampanyalar sunmak ve istatistiksel \u00e7al\u0131\u015fmalar yapmak amac\u0131yla kullan\u0131labilecektir.<\/p><p>3.3. Gizli Bilgiler, ancak resmi makamlarca usul\u00fc dairesinde bu bilgilerin talep edilmesi halinde ve y\u00fcr\u00fcrl\u00fckteki emredici mevzuat h\u00fck\u00fcmleri gere\u011fince resmi makamlara a\u00e7\u0131klama yap\u0131lmas\u0131n\u0131n zorunlu oldu\u011fu durumlarda resmi makamlara a\u00e7\u0131klanabilecektir.<\/p><p><strong>Kay\u0131t ve G\u00fcvenlik<\/strong> Kullan\u0131c\u0131, do\u011fru, eksiksiz ve g\u00fcncel kay\u0131t bilgilerini vermek zorundad\u0131r. Aksi halde bu S\u00f6zle\u015fme ihlal edilmi\u015f say\u0131lacak ve Kullan\u0131c\u0131 bilgilendirilmeksizin hesap kapat\u0131labilecektir.<\/p><p>Kullan\u0131c\u0131, site ve \u00fc\u00e7\u00fcnc\u00fc taraf sitelerdeki \u015fifre ve hesap g\u00fcvenli\u011finden kendisi sorumludur. Aksi halde olu\u015facak veri kay\u0131plar\u0131ndan ve g\u00fcvenlik ihlallerinden veya donan\u0131m ve cihazlar\u0131n zarar g\u00f6rmesinden AUGUSASLAN sorumlu tutulamaz.<\/p><p><strong>M\u00fccbir Sebep<\/strong> Taraflar\u0131n kontrol\u00fcnde olmayan; tabii afetler, f\u0131rt\u0131na, yang\u0131n, patlamalar, i\u00e7 sava\u015flar, sava\u015flar, ayaklanmalar, halk hareketleri, seferberlik ilan\u0131, grev, lokavt ve salg\u0131n hastal\u0131klar, altyap\u0131 ve internet ar\u0131zalar\u0131, elektrik kesintisi gibi sebeplerden (a\u015fa\u011f\u0131da birlikte \u201cM\u00fccbir Sebep\u201d olarak an\u0131lacakt\u0131r.) dolay\u0131 s\u00f6zle\u015fmeden do\u011fan y\u00fck\u00fcml\u00fcl\u00fckler taraflarca ifa edilemez hale gelirse, taraflar bundan sorumlu de\u011fildir. Bu s\u00fcrede Taraflar\u2019\u0131n i\u015fbu S\u00f6zle\u015fme\u2019den do\u011fan hak ve y\u00fck\u00fcml\u00fcl\u00fckleri ask\u0131ya al\u0131n\u0131r.<\/p><p><strong>S\u00f6zle\u015fmenin B\u00fct\u00fcnl\u00fc\u011f\u00fc ve Uygulanabilirlik<\/strong> \u0130\u015fbu s\u00f6zle\u015fme \u015fartlar\u0131ndan biri, k\u0131smen veya tamamen ge\u00e7ersiz hale gelirse, s\u00f6zle\u015fmenin geri kalan\u0131 ge\u00e7erlili\u011fini korumaya devam eder.<\/p><p><strong>S\u00f6zle\u015fmede Yap\u0131lacak De\u011fi\u015fiklikler<\/strong> AUGUSASLAN, diledi\u011fi zaman sitede sunulan hizmetleri ve i\u015fbu s\u00f6zle\u015fme \u015fartlar\u0131n\u0131 k\u0131smen veya tamamen de\u011fi\u015ftirebilir. De\u011fi\u015fiklikler sitede yay\u0131nland\u0131\u011f\u0131 tarihten itibaren ge\u00e7erli olacakt\u0131r. De\u011fi\u015fiklikleri takip etmek Kullan\u0131c\u0131\u2019n\u0131n sorumlulu\u011fundad\u0131r. Kullan\u0131c\u0131, sunulan hizmetlerden yararlanmaya devam etmekle bu de\u011fi\u015fiklikleri de kabul etmi\u015f say\u0131l\u0131r.<\/p><p><strong>Tebligat<\/strong> \u0130\u015fbu S\u00f6zle\u015fme ile ilgili taraflara g\u00f6nderilecek olan t\u00fcm bildirimler, AUGUSASLAN\u2019\u0131n bilinen e-posta adresi ve kullan\u0131c\u0131n\u0131n \u00fcyelik formunda belirtti\u011fi e-posta adresi vas\u0131tas\u0131yla yap\u0131lacakt\u0131r. Kullan\u0131c\u0131, \u00fcye olurken belirtti\u011fi adresin ge\u00e7erli tebligat adresi oldu\u011funu, de\u011fi\u015fmesi durumunda 5 g\u00fcn i\u00e7inde yaz\u0131l\u0131 olarak di\u011fer tarafa bildirece\u011fini, aksi halde bu adrese yap\u0131lacak tebligatlar\u0131n ge\u00e7erli say\u0131laca\u011f\u0131n\u0131 kabul eder.<\/p><p><strong>Delil S\u00f6zle\u015fmesi<\/strong> Taraflar aras\u0131nda i\u015fbu s\u00f6zle\u015fme ile ilgili i\u015flemler i\u00e7in \u00e7\u0131kabilecek her t\u00fcrl\u00fc uyu\u015fmazl\u0131klarda Taraflar\u2019\u0131n defter, kay\u0131t ve belgeleri ile ve bilgisayar kay\u0131tlar\u0131 ve faks kay\u0131tlar\u0131 6100 say\u0131l\u0131 Hukuk Muhakemeleri Kanunu uyar\u0131nca delil olarak kabul edilecek olup, kullan\u0131c\u0131 bu kay\u0131tlara itiraz etmeyece\u011fini kabul eder.<\/p><p><strong>Uyu\u015fmazl\u0131klar\u0131n \u00c7\u00f6z\u00fcm\u00fc<\/strong> \u0130\u015fbu S\u00f6zle\u015fme\u2019nin uygulanmas\u0131ndan veya yorumlanmas\u0131ndan do\u011facak her t\u00fcrl\u00fc uyu\u015fmazl\u0131\u011f\u0131n \u00e7\u00f6z\u00fcm\u00fcnde \u0130stanbul (Merkez) Adliyesi Mahkemeleri ve \u0130cra Daireleri yetkilidir.<\/p>\n\t\t\t\t\t<\/div>\n\t\t\t\t\t\t<\/div>\n\t\t\t\t<\/div>\n\t\t\t\t\t<\/div>\n\t\t\t\t<\/div>\n\t\t\t\t<\/div>","protected":false},"excerpt":{"rendered":"<p>S\u0130TE KULLANIM \u015eARTLARI L\u00fctfen sitemizi kullanmadan evvel bu \u2018site kullan\u0131m \u015fartlar\u0131\u2019n\u0131 dikkatlice okuyunuz. Bu al\u0131\u015fveri\u015f sitesini kullanan ve al\u0131\u015fveri\u015f yapan<\/p>","protected":false},"author":1,"featured_media":0,"parent":0,"menu_order":0,"comment_status":"closed","ping_status":"closed","template":"","meta":{"footnotes":""},"class_list":["post-9277","page","type-page","status-publish","hentry"],"yoast_head":"<!-- This site is optimized with the Yoast SEO plugin v27.4 - https:\/\/yoast.com\/product\/yoast-seo-wordpress\/ -->\n<title>\u00dcyelik ve Kullan\u0131m Ko\u015fullar\u0131 | Augus Aslan<\/title>\n<meta name=\"robots\" content=\"index, follow, max-snippet:-1, max-image-preview:large, max-video-preview:-1\" \/>\n<link rel=\"canonical\" href=\"https:\/\/augusaslan.com\/tr\/uyelik-ve-kullanim-kosullari\/\" \/>\n<meta property=\"og:locale\" content=\"tr_TR\" \/>\n<meta property=\"og:type\" content=\"article\" \/>\n<meta property=\"og:title\" content=\"\u00dcyelik ve Kullan\u0131m Ko\u015fullar\u0131 | Augus Aslan\" \/>\n<meta property=\"og:description\" content=\"S\u0130TE KULLANIM \u015eARTLARI L\u00fctfen sitemizi kullanmadan evvel bu \u2018site kullan\u0131m \u015fartlar\u0131\u2019n\u0131 dikkatlice okuyunuz. Bu al\u0131\u015fveri\u015f sitesini kullanan ve al\u0131\u015fveri\u015f yapan\" \/>\n<meta property=\"og:url\" content=\"https:\/\/augusaslan.com\/tr\/uyelik-ve-kullanim-kosullari\/\" \/>\n<meta property=\"og:site_name\" content=\"Augus Aslan\" \/>\n<meta property=\"article:modified_time\" content=\"2024-11-05T09:32:46+00:00\" \/>\n<meta name=\"twitter:card\" content=\"summary_large_image\" \/>\n<meta name=\"twitter:label1\" content=\"Tahmini okuma s\u00fcresi\" \/>\n\t<meta name=\"twitter:data1\" content=\"8 dakika\" \/>\n<script type=\"application\/ld+json\" class=\"yoast-schema-graph\">{\"@context\":\"https:\\\/\\\/schema.org\",\"@graph\":[{\"@type\":\"WebPage\",\"@id\":\"https:\\\/\\\/augusaslan.com\\\/uyelik-ve-kullanim-kosullari\\\/\",\"url\":\"https:\\\/\\\/augusaslan.com\\\/uyelik-ve-kullanim-kosullari\\\/\",\"name\":\"\u00dcyelik ve Kullan\u0131m Ko\u015fullar\u0131 | Augus Aslan\",\"isPartOf\":{\"@id\":\"https:\\\/\\\/augusaslan.com\\\/#website\"},\"datePublished\":\"2024-11-05T09:28:20+00:00\",\"dateModified\":\"2024-11-05T09:32:46+00:00\",\"breadcrumb\":{\"@id\":\"https:\\\/\\\/augusaslan.com\\\/uyelik-ve-kullanim-kosullari\\\/#breadcrumb\"},\"inLanguage\":\"tr\",\"potentialAction\":[{\"@type\":\"ReadAction\",\"target\":[\"https:\\\/\\\/augusaslan.com\\\/uyelik-ve-kullanim-kosullari\\\/\"]}]},{\"@type\":\"BreadcrumbList\",\"@id\":\"https:\\\/\\\/augusaslan.com\\\/uyelik-ve-kullanim-kosullari\\\/#breadcrumb\",\"itemListElement\":[{\"@type\":\"ListItem\",\"position\":1,\"name\":\"Home\",\"item\":\"https:\\\/\\\/augusaslan.com\\\/\"},{\"@type\":\"ListItem\",\"position\":2,\"name\":\"\u00dcyelik ve Kullan\u0131m Ko\u015fullar\u0131\"}]},{\"@type\":\"WebSite\",\"@id\":\"https:\\\/\\\/augusaslan.com\\\/#website\",\"url\":\"https:\\\/\\\/augusaslan.com\\\/\",\"name\":\"Augus Aslan\",\"description\":\"\",\"publisher\":{\"@id\":\"https:\\\/\\\/augusaslan.com\\\/#organization\"},\"potentialAction\":[{\"@type\":\"SearchAction\",\"target\":{\"@type\":\"EntryPoint\",\"urlTemplate\":\"https:\\\/\\\/augusaslan.com\\\/?s={search_term_string}\"},\"query-input\":{\"@type\":\"PropertyValueSpecification\",\"valueRequired\":true,\"valueName\":\"search_term_string\"}}],\"inLanguage\":\"tr\"},{\"@type\":\"Organization\",\"@id\":\"https:\\\/\\\/augusaslan.com\\\/#organization\",\"name\":\"Augus Aslan\",\"url\":\"https:\\\/\\\/augusaslan.com\\\/\",\"logo\":{\"@type\":\"ImageObject\",\"inLanguage\":\"tr\",\"@id\":\"https:\\\/\\\/augusaslan.com\\\/#\\\/schema\\\/logo\\\/image\\\/\",\"url\":\"https:\\\/\\\/augusaslan.com\\\/wp-content\\\/uploads\\\/2024\\\/12\\\/Augus-Aslan-Logo.png\",\"contentUrl\":\"https:\\\/\\\/augusaslan.com\\\/wp-content\\\/uploads\\\/2024\\\/12\\\/Augus-Aslan-Logo.png\",\"width\":523,\"height\":211,\"caption\":\"Augus Aslan\"},\"image\":{\"@id\":\"https:\\\/\\\/augusaslan.com\\\/#\\\/schema\\\/logo\\\/image\\\/\"}}]}<\/script>\n<!-- \/ Yoast SEO plugin. -->","yoast_head_json":{"title":"\u00dcyelik ve Kullan\u0131m Ko\u015fullar\u0131 | Augus Aslan","robots":{"index":"index","follow":"follow","max-snippet":"max-snippet:-1","max-image-preview":"max-image-preview:large","max-video-preview":"max-video-preview:-1"},"canonical":"https:\/\/augusaslan.com\/tr\/uyelik-ve-kullanim-kosullari\/","og_locale":"tr_TR","og_type":"article","og_title":"\u00dcyelik ve Kullan\u0131m Ko\u015fullar\u0131 | Augus Aslan","og_description":"S\u0130TE KULLANIM \u015eARTLARI L\u00fctfen sitemizi kullanmadan evvel bu \u2018site kullan\u0131m \u015fartlar\u0131\u2019n\u0131 dikkatlice okuyunuz. Bu al\u0131\u015fveri\u015f sitesini kullanan ve al\u0131\u015fveri\u015f yapan","og_url":"https:\/\/augusaslan.com\/tr\/uyelik-ve-kullanim-kosullari\/","og_site_name":"Augus Aslan","article_modified_time":"2024-11-05T09:32:46+00:00","twitter_card":"summary_large_image","twitter_misc":{"Tahmini okuma s\u00fcresi":"8 dakika"},"schema":{"@context":"https:\/\/schema.org","@graph":[{"@type":"WebPage","@id":"https:\/\/augusaslan.com\/uyelik-ve-kullanim-kosullari\/","url":"https:\/\/augusaslan.com\/uyelik-ve-kullanim-kosullari\/","name":"\u00dcyelik ve Kullan\u0131m Ko\u015fullar\u0131 | Augus Aslan","isPartOf":{"@id":"https:\/\/augusaslan.com\/#website"},"datePublished":"2024-11-05T09:28:20+00:00","dateModified":"2024-11-05T09:32:46+00:00","breadcrumb":{"@id":"https:\/\/augusaslan.com\/uyelik-ve-kullanim-kosullari\/#breadcrumb"},"inLanguage":"tr","potentialAction":[{"@type":"ReadAction","target":["https:\/\/augusaslan.com\/uyelik-ve-kullanim-kosullari\/"]}]},{"@type":"BreadcrumbList","@id":"https:\/\/augusaslan.com\/uyelik-ve-kullanim-kosullari\/#breadcrumb","itemListElement":[{"@type":"ListItem","position":1,"name":"Home","item":"https:\/\/augusaslan.com\/"},{"@type":"ListItem","position":2,"name":"\u00dcyelik ve Kullan\u0131m Ko\u015fullar\u0131"}]},{"@type":"WebSite","@id":"https:\/\/augusaslan.com\/#website","url":"https:\/\/augusaslan.com\/","name":"Augus Aslan","description":"","publisher":{"@id":"https:\/\/augusaslan.com\/#organization"},"potentialAction":[{"@type":"SearchAction","target":{"@type":"EntryPoint","urlTemplate":"https:\/\/augusaslan.com\/?s={search_term_string}"},"query-input":{"@type":"PropertyValueSpecification","valueRequired":true,"valueName":"search_term_string"}}],"inLanguage":"tr"},{"@type":"Organization","@id":"https:\/\/augusaslan.com\/#organization","name":"Augus Aslan","url":"https:\/\/augusaslan.com\/","logo":{"@type":"ImageObject","inLanguage":"tr","@id":"https:\/\/augusaslan.com\/#\/schema\/logo\/image\/","url":"https:\/\/augusaslan.com\/wp-content\/uploads\/2024\/12\/Augus-Aslan-Logo.png","contentUrl":"https:\/\/augusaslan.com\/wp-content\/uploads\/2024\/12\/Augus-Aslan-Logo.png","width":523,"height":211,"caption":"Augus Aslan"},"image":{"@id":"https:\/\/augusaslan.com\/#\/schema\/logo\/image\/"}}]}},"_links":{"self":[{"href":"https:\/\/augusaslan.com\/tr\/wp-json\/wp\/v2\/pages\/9277","targetHints":{"allow":["GET"]}}],"collection":[{"href":"https:\/\/augusaslan.com\/tr\/wp-json\/wp\/v2\/pages"}],"about":[{"href":"https:\/\/augusaslan.com\/tr\/wp-json\/wp\/v2\/types\/page"}],"author":[{"embeddable":true,"href":"https:\/\/augusaslan.com\/tr\/wp-json\/wp\/v2\/users\/1"}],"replies":[{"embeddable":true,"href":"https:\/\/augusaslan.com\/tr\/wp-json\/wp\/v2\/comments?post=9277"}],"version-history":[{"count":4,"href":"https:\/\/augusaslan.com\/tr\/wp-json\/wp\/v2\/pages\/9277\/revisions"}],"predecessor-version":[{"id":9285,"href":"https:\/\/augusaslan.com\/tr\/wp-json\/wp\/v2\/pages\/9277\/revisions\/9285"}],"wp:attachment":[{"href":"https:\/\/augusaslan.com\/tr\/wp-json\/wp\/v2\/media?parent=9277"}],"curies":[{"name":"wp","href":"https:\/\/api.w.org\/{rel}","templated":true}]}}