{"id":9684,"date":"2025-01-15T23:20:41","date_gmt":"2025-01-15T20:20:41","guid":{"rendered":"https:\/\/augusaslan.com\/?page_id=9684"},"modified":"2025-05-11T16:06:17","modified_gmt":"2025-05-11T13:06:17","slug":"sustainability","status":"publish","type":"page","link":"https:\/\/augusaslan.com\/tr\/sustainability\/","title":{"rendered":"S\u00fcrd\u00fcr\u00fclebilirlik"},"content":{"rendered":"<div data-elementor-type=\"wp-page\" data-elementor-id=\"9684\" class=\"elementor elementor-9684\">\n\t\t\t\t<div class=\"wd-negative-gap elementor-element elementor-element-4a967be e-flex e-con-boxed e-con e-parent\" data-id=\"4a967be\" data-element_type=\"container\" data-e-type=\"container\">\n\t\t\t\t\t<div class=\"e-con-inner\">\n\t\t\t\t<div class=\"elementor-element elementor-element-9f615c7 elementor-widget elementor-widget-wd_image_or_svg\" data-id=\"9f615c7\" data-element_type=\"widget\" data-e-type=\"widget\" data-widget_type=\"wd_image_or_svg.default\">\n\t\t\t\t<div class=\"elementor-widget-container\">\n\t\t\t\t\t\n\t\t<div class=\"wd-image text-left\">\n\t\t\t\t\t\t\t\t<img fetchpriority=\"high\" decoding=\"async\" width=\"1000\" height=\"529\" src=\"https:\/\/augusaslan.com\/wp-content\/uploads\/2025\/01\/Sustainability-Page-kopya.png\" class=\"attachment-full size-full\" alt=\"\" srcset=\"https:\/\/augusaslan.com\/wp-content\/uploads\/2025\/01\/Sustainability-Page-kopya.png 1000w, https:\/\/augusaslan.com\/wp-content\/uploads\/2025\/01\/Sustainability-Page-kopya-150x79.png 150w, https:\/\/augusaslan.com\/wp-content\/uploads\/2025\/01\/Sustainability-Page-kopya-300x159.png 300w, https:\/\/augusaslan.com\/wp-content\/uploads\/2025\/01\/Sustainability-Page-kopya-768x406.png 768w\" sizes=\"(max-width: 1000px) 100vw, 1000px\" \/>\t\t\t\t\t<\/div>\n\n\t\t\t\t\t\t<\/div>\n\t\t\t\t<\/div>\n\t\t\t\t\t<\/div>\n\t\t\t\t<\/div>\n\t\t<div class=\"wd-negative-gap elementor-element elementor-element-55e1a9c e-flex e-con-boxed e-con e-parent\" data-id=\"55e1a9c\" data-element_type=\"container\" data-e-type=\"container\">\n\t\t\t\t\t<div class=\"e-con-inner\">\n\t\t\t\t<div class=\"elementor-element elementor-element-6c1e0d7 elementor-hidden-mobile wd-width-100 elementor-widget elementor-widget-wd_title\" data-id=\"6c1e0d7\" data-element_type=\"widget\" data-e-type=\"widget\" data-widget_type=\"wd_title.default\">\n\t\t\t\t<div class=\"elementor-widget-container\">\n\t\t\t\t\t\t\t<div class=\"title-wrapper wd-set-mb reset-last-child wd-title-color-default wd-title-style-default wd-title-size-default text-center\">\n\n\t\t\t\n\t\t\t<div class=\"liner-continer\">\n\t\t\t\t<h4 class=\"woodmart-title-container title wd-fontsize-l\">Sustainablity for Augus Aslan<\/h4> \n\t\t\t\t\t\t\t<\/div>\n\n\t\t\t\t\t\t\t<div class=\"title-after_title reset-last-child wd-fontsize-xs\">\n\t\t\t\t\t<p>At Augus Aslan, sustainability is at the heart of everything we do. Our products are crafted using responsibly sourced fabrics, with a strong preference for organic and eco-friendly materials. We believe in creating timeless designs that are not only stylish but also built to last, encouraging mindful consumption. To further this commitment, we provide a lifetime repair guarantee that may arise during the use of our products. By choosing Augus Aslan, you join us in embracing a more sustainable and thoughtful approach\u00a0to\u00a0fashion.<\/p>\t\t\t\t<\/div>\n\t\t\t\t\t<\/div>\n\t\t\t\t\t\t<\/div>\n\t\t\t\t<\/div>\n\t\t\t\t<div class=\"elementor-element elementor-element-2d94c22 elementor-hidden-desktop elementor-hidden-tablet wd-width-100 elementor-widget elementor-widget-wd_title\" data-id=\"2d94c22\" data-element_type=\"widget\" data-e-type=\"widget\" data-widget_type=\"wd_title.default\">\n\t\t\t\t<div class=\"elementor-widget-container\">\n\t\t\t\t\t\t\t<div class=\"title-wrapper wd-set-mb reset-last-child wd-title-color-default wd-title-style-default wd-title-size-default text-center\">\n\n\t\t\t\n\t\t\t<div class=\"liner-continer\">\n\t\t\t\t<h4 class=\"woodmart-title-container title wd-fontsize-l\">Sustainablity for Augus Aslan<\/h4> \n\t\t\t\t\t\t\t<\/div>\n\n\t\t\t\t\t\t\t<div class=\"title-after_title reset-last-child wd-fontsize-xs\">\n\t\t\t\t\t<p>At Augus Aslan, sustainability is at the heart of everything we do. Our products are crafted using responsibly sourced fabrics, with a strong preference for organic and eco-friendly materials. We believe in creating timeless designs that are not only stylish but also built to last, encouraging mindful consumption. To further this commitment, we provide a lifetime repair guarantee that may arise during the use of our products. By choosing Augus Aslan, you join us in embracing a more sustainable and thoughtful approach\u00a0to\u00a0fashion.<\/p>\t\t\t\t<\/div>\n\t\t\t\t\t<\/div>\n\t\t\t\t\t\t<\/div>\n\t\t\t\t<\/div>\n\t\t\t\t\t<\/div>\n\t\t\t\t<\/div>\n\t\t\t\t<\/div>","protected":false},"excerpt":{"rendered":"<p>Sustainablity for Augus Aslan At Augus Aslan, sustainability is at the heart of everything we do. Our products are crafted<\/p>","protected":false},"author":1,"featured_media":0,"parent":0,"menu_order":0,"comment_status":"closed","ping_status":"closed","template":"","meta":{"footnotes":""},"class_list":["post-9684","page","type-page","status-publish","hentry"],"yoast_head":"<!-- This site is optimized with the Yoast SEO plugin v27.4 - https:\/\/yoast.com\/product\/yoast-seo-wordpress\/ -->\n<title>Sustainability | Augus Aslan<\/title>\n<meta name=\"robots\" content=\"index, follow, max-snippet:-1, max-image-preview:large, max-video-preview:-1\" \/>\n<link rel=\"canonical\" href=\"https:\/\/augusaslan.com\/tr\/sustainability\/\" \/>\n<meta property=\"og:locale\" content=\"tr_TR\" \/>\n<meta property=\"og:type\" content=\"article\" \/>\n<meta property=\"og:title\" content=\"Sustainability | Augus Aslan\" \/>\n<meta property=\"og:description\" content=\"Sustainablity for Augus Aslan At Augus Aslan, sustainability is at the heart of everything we do. Our products are crafted\" \/>\n<meta property=\"og:url\" content=\"https:\/\/augusaslan.com\/tr\/sustainability\/\" \/>\n<meta property=\"og:site_name\" content=\"Augus Aslan\" \/>\n<meta property=\"article:modified_time\" content=\"2025-05-11T13:06:17+00:00\" \/>\n<meta property=\"og:image\" content=\"https:\/\/augusaslan.com\/wp-content\/uploads\/2025\/01\/Sustainability-Page-kopya.png\" \/>\n<meta name=\"twitter:card\" content=\"summary_large_image\" \/>\n<meta name=\"twitter:label1\" content=\"Tahmini okuma s\u00fcresi\" \/>\n\t<meta name=\"twitter:data1\" content=\"1 dakika\" \/>\n<script type=\"application\/ld+json\" class=\"yoast-schema-graph\">{\"@context\":\"https:\\\/\\\/schema.org\",\"@graph\":[{\"@type\":\"WebPage\",\"@id\":\"https:\\\/\\\/augusaslan.com\\\/sustainability\\\/\",\"url\":\"https:\\\/\\\/augusaslan.com\\\/sustainability\\\/\",\"name\":\"Sustainability | Augus Aslan\",\"isPartOf\":{\"@id\":\"https:\\\/\\\/augusaslan.com\\\/#website\"},\"primaryImageOfPage\":{\"@id\":\"https:\\\/\\\/augusaslan.com\\\/sustainability\\\/#primaryimage\"},\"image\":{\"@id\":\"https:\\\/\\\/augusaslan.com\\\/sustainability\\\/#primaryimage\"},\"thumbnailUrl\":\"https:\\\/\\\/augusaslan.com\\\/wp-content\\\/uploads\\\/2025\\\/01\\\/Sustainability-Page-kopya.png\",\"datePublished\":\"2025-01-15T20:20:41+00:00\",\"dateModified\":\"2025-05-11T13:06:17+00:00\",\"breadcrumb\":{\"@id\":\"https:\\\/\\\/augusaslan.com\\\/sustainability\\\/#breadcrumb\"},\"inLanguage\":\"tr\",\"potentialAction\":[{\"@type\":\"ReadAction\",\"target\":[\"https:\\\/\\\/augusaslan.com\\\/sustainability\\\/\"]}]},{\"@type\":\"ImageObject\",\"inLanguage\":\"tr\",\"@id\":\"https:\\\/\\\/augusaslan.com\\\/sustainability\\\/#primaryimage\",\"url\":\"https:\\\/\\\/augusaslan.com\\\/wp-content\\\/uploads\\\/2025\\\/01\\\/Sustainability-Page-kopya.png\",\"contentUrl\":\"https:\\\/\\\/augusaslan.com\\\/wp-content\\\/uploads\\\/2025\\\/01\\\/Sustainability-Page-kopya.png\"},{\"@type\":\"BreadcrumbList\",\"@id\":\"https:\\\/\\\/augusaslan.com\\\/sustainability\\\/#breadcrumb\",\"itemListElement\":[{\"@type\":\"ListItem\",\"position\":1,\"name\":\"Home\",\"item\":\"https:\\\/\\\/augusaslan.com\\\/\"},{\"@type\":\"ListItem\",\"position\":2,\"name\":\"Sustainability\"}]},{\"@type\":\"WebSite\",\"@id\":\"https:\\\/\\\/augusaslan.com\\\/#website\",\"url\":\"https:\\\/\\\/augusaslan.com\\\/\",\"name\":\"Augus Aslan\",\"description\":\"\",\"publisher\":{\"@id\":\"https:\\\/\\\/augusaslan.com\\\/#organization\"},\"potentialAction\":[{\"@type\":\"SearchAction\",\"target\":{\"@type\":\"EntryPoint\",\"urlTemplate\":\"https:\\\/\\\/augusaslan.com\\\/?s={search_term_string}\"},\"query-input\":{\"@type\":\"PropertyValueSpecification\",\"valueRequired\":true,\"valueName\":\"search_term_string\"}}],\"inLanguage\":\"tr\"},{\"@type\":\"Organization\",\"@id\":\"https:\\\/\\\/augusaslan.com\\\/#organization\",\"name\":\"Augus Aslan\",\"url\":\"https:\\\/\\\/augusaslan.com\\\/\",\"logo\":{\"@type\":\"ImageObject\",\"inLanguage\":\"tr\",\"@id\":\"https:\\\/\\\/augusaslan.com\\\/#\\\/schema\\\/logo\\\/image\\\/\",\"url\":\"https:\\\/\\\/augusaslan.com\\\/wp-content\\\/uploads\\\/2024\\\/12\\\/Augus-Aslan-Logo.png\",\"contentUrl\":\"https:\\\/\\\/augusaslan.com\\\/wp-content\\\/uploads\\\/2024\\\/12\\\/Augus-Aslan-Logo.png\",\"width\":523,\"height\":211,\"caption\":\"Augus Aslan\"},\"image\":{\"@id\":\"https:\\\/\\\/augusaslan.com\\\/#\\\/schema\\\/logo\\\/image\\\/\"}}]}<\/script>\n<!-- \/ Yoast SEO plugin. -->","yoast_head_json":{"title":"Sustainability | Augus Aslan","robots":{"index":"index","follow":"follow","max-snippet":"max-snippet:-1","max-image-preview":"max-image-preview:large","max-video-preview":"max-video-preview:-1"},"canonical":"https:\/\/augusaslan.com\/tr\/sustainability\/","og_locale":"tr_TR","og_type":"article","og_title":"Sustainability | Augus Aslan","og_description":"Sustainablity for Augus Aslan At Augus Aslan, sustainability is at the heart of everything we do. Our products are crafted","og_url":"https:\/\/augusaslan.com\/tr\/sustainability\/","og_site_name":"Augus Aslan","article_modified_time":"2025-05-11T13:06:17+00:00","og_image":[{"url":"https:\/\/augusaslan.com\/wp-content\/uploads\/2025\/01\/Sustainability-Page-kopya.png","type":"","width":"","height":""}],"twitter_card":"summary_large_image","twitter_misc":{"Tahmini okuma s\u00fcresi":"1 dakika"},"schema":{"@context":"https:\/\/schema.org","@graph":[{"@type":"WebPage","@id":"https:\/\/augusaslan.com\/sustainability\/","url":"https:\/\/augusaslan.com\/sustainability\/","name":"Sustainability | Augus Aslan","isPartOf":{"@id":"https:\/\/augusaslan.com\/#website"},"primaryImageOfPage":{"@id":"https:\/\/augusaslan.com\/sustainability\/#primaryimage"},"image":{"@id":"https:\/\/augusaslan.com\/sustainability\/#primaryimage"},"thumbnailUrl":"https:\/\/augusaslan.com\/wp-content\/uploads\/2025\/01\/Sustainability-Page-kopya.png","datePublished":"2025-01-15T20:20:41+00:00","dateModified":"2025-05-11T13:06:17+00:00","breadcrumb":{"@id":"https:\/\/augusaslan.com\/sustainability\/#breadcrumb"},"inLanguage":"tr","potentialAction":[{"@type":"ReadAction","target":["https:\/\/augusaslan.com\/sustainability\/"]}]},{"@type":"ImageObject","inLanguage":"tr","@id":"https:\/\/augusaslan.com\/sustainability\/#primaryimage","url":"https:\/\/augusaslan.com\/wp-content\/uploads\/2025\/01\/Sustainability-Page-kopya.png","contentUrl":"https:\/\/augusaslan.com\/wp-content\/uploads\/2025\/01\/Sustainability-Page-kopya.png"},{"@type":"BreadcrumbList","@id":"https:\/\/augusaslan.com\/sustainability\/#breadcrumb","itemListElement":[{"@type":"ListItem","position":1,"name":"Home","item":"https:\/\/augusaslan.com\/"},{"@type":"ListItem","position":2,"name":"Sustainability"}]},{"@type":"WebSite","@id":"https:\/\/augusaslan.com\/#website","url":"https:\/\/augusaslan.com\/","name":"Augus Aslan","description":"","publisher":{"@id":"https:\/\/augusaslan.com\/#organization"},"potentialAction":[{"@type":"SearchAction","target":{"@type":"EntryPoint","urlTemplate":"https:\/\/augusaslan.com\/?s={search_term_string}"},"query-input":{"@type":"PropertyValueSpecification","valueRequired":true,"valueName":"search_term_string"}}],"inLanguage":"tr"},{"@type":"Organization","@id":"https:\/\/augusaslan.com\/#organization","name":"Augus Aslan","url":"https:\/\/augusaslan.com\/","logo":{"@type":"ImageObject","inLanguage":"tr","@id":"https:\/\/augusaslan.com\/#\/schema\/logo\/image\/","url":"https:\/\/augusaslan.com\/wp-content\/uploads\/2024\/12\/Augus-Aslan-Logo.png","contentUrl":"https:\/\/augusaslan.com\/wp-content\/uploads\/2024\/12\/Augus-Aslan-Logo.png","width":523,"height":211,"caption":"Augus Aslan"},"image":{"@id":"https:\/\/augusaslan.com\/#\/schema\/logo\/image\/"}}]}},"_links":{"self":[{"href":"https:\/\/augusaslan.com\/tr\/wp-json\/wp\/v2\/pages\/9684","targetHints":{"allow":["GET"]}}],"collection":[{"href":"https:\/\/augusaslan.com\/tr\/wp-json\/wp\/v2\/pages"}],"about":[{"href":"https:\/\/augusaslan.com\/tr\/wp-json\/wp\/v2\/types\/page"}],"author":[{"embeddable":true,"href":"https:\/\/augusaslan.com\/tr\/wp-json\/wp\/v2\/users\/1"}],"replies":[{"embeddable":true,"href":"https:\/\/augusaslan.com\/tr\/wp-json\/wp\/v2\/comments?post=9684"}],"version-history":[{"count":13,"href":"https:\/\/augusaslan.com\/tr\/wp-json\/wp\/v2\/pages\/9684\/revisions"}],"predecessor-version":[{"id":11127,"href":"https:\/\/augusaslan.com\/tr\/wp-json\/wp\/v2\/pages\/9684\/revisions\/11127"}],"wp:attachment":[{"href":"https:\/\/augusaslan.com\/tr\/wp-json\/wp\/v2\/media?parent=9684"}],"curies":[{"name":"wp","href":"https:\/\/api.w.org\/{rel}","templated":true}]}}